{"id":176,"date":"2021-09-30T13:08:04","date_gmt":"2021-09-30T11:08:04","guid":{"rendered":"https:\/\/transitio.se\/?page_id=176"},"modified":"2026-01-04T10:20:05","modified_gmt":"2026-01-04T09:20:05","slug":"behandling-av-personuppgifter","status":"publish","type":"page","link":"https:\/\/transitio.se\/en\/behandling-av-personuppgifter\/","title":{"rendered":"Processing of personal data"},"content":{"rendered":"<div data-elementor-type=\"wp-page\" data-elementor-id=\"176\" class=\"elementor elementor-176\" data-elementor-post-type=\"page\">\n\t\t\t\t\t\t<section class=\"elementor-section elementor-top-section elementor-element elementor-element-875217b elementor-section-boxed elementor-section-height-default elementor-section-height-default\" data-id=\"875217b\" data-element_type=\"section\" data-e-type=\"section\">\n\t\t\t\t\t\t<div class=\"elementor-container elementor-column-gap-default\">\n\t\t\t\t\t<div class=\"elementor-column elementor-col-50 elementor-top-column elementor-element elementor-element-f011e5e\" data-id=\"f011e5e\" data-element_type=\"column\" data-e-type=\"column\">\n\t\t\t<div class=\"elementor-widget-wrap elementor-element-populated\">\n\t\t\t\t\t\t<div class=\"elementor-element elementor-element-8729abd elementor-widget elementor-widget-heading\" data-id=\"8729abd\" data-element_type=\"widget\" data-e-type=\"widget\" data-widget_type=\"heading.default\">\n\t\t\t\t<div class=\"elementor-widget-container\">\n\t\t\t\t\t<p class=\"elementor-heading-title elementor-size-default\">Processing of personal data<\/p>\t\t\t\t<\/div>\n\t\t\t\t<\/div>\n\t\t\t\t<div class=\"elementor-element elementor-element-1ff0dcc elementor-widget elementor-widget-heading\" data-id=\"1ff0dcc\" data-element_type=\"widget\" data-e-type=\"widget\" data-widget_type=\"heading.default\">\n\t\t\t\t<div class=\"elementor-widget-container\">\n\t\t\t\t\t<h1 class=\"elementor-heading-title elementor-size-default\">Information on how<br> AB Transitio<br> processes personal data<\/h1>\t\t\t\t<\/div>\n\t\t\t\t<\/div>\n\t\t\t\t\t<\/div>\n\t\t<\/div>\n\t\t\t\t<div class=\"elementor-column elementor-col-50 elementor-top-column elementor-element elementor-element-fb00c13\" data-id=\"fb00c13\" data-element_type=\"column\" data-e-type=\"column\">\n\t\t\t<div class=\"elementor-widget-wrap elementor-element-populated\">\n\t\t\t\t\t\t<div class=\"elementor-element elementor-element-eb5c0da elementor-widget__width-initial elementor-widget elementor-widget-text-editor\" data-id=\"eb5c0da\" data-element_type=\"widget\" data-e-type=\"widget\" data-widget_type=\"text-editor.default\">\n\t\t\t\t<div class=\"elementor-widget-container\">\n\t\t\t\t\t\t\t\t\t<p>AB Transitio, Drottninggatan 92, 111 36 Stockholm, corp. reg. no. 556033-1984 is the data controller for the processing of personal data on this website, and for all other processing of personal data in our business.<\/p><p>As the data controller, AB Transitio is responsible for ensuring that your and others\u2019 personal data is protected and processed in accordance with applicable laws.<\/p><p>The most common legal basis for AB Transitio to process personal data is because such processing is necessary in order to:\nfulfil the obligations of an agreement in which the data subject is a party, or to take steps on behalf of the data subject prior to entering into such an agreement\nperform a task of public interest.<\/p><p>AB Transitio is a procuring organisation. Personal data is processed to administer customer and supplier conditions and may be provided and collected before and in conjunction with the signing of an agreement, or otherwise in connection with a supplier relationship.<\/p><p>AB Transitio also processes personal data when individuals apply for jobs, request public documents or contact the company for other purposes.<\/p><p>YOUR RIGHTS<br \/>You are entitled to contact us if you would like information about the data we have about you, to request correction, transfer or restriction of our processing, to make objections or to request deletion of your data.<\/p><p>If you have any questions about our processing of personal data, you are always welcome to contact us. The simplest way to do this is by phone on +46 (0)8 500 360 30 or e-mail info@transitio.se.<\/p>\t\t\t\t\t\t\t\t<\/div>\n\t\t\t\t<\/div>\n\t\t\t\t\t<\/div>\n\t\t<\/div>\n\t\t\t\t\t<\/div>\n\t\t<\/section>\n\t\t\t\t<section class=\"elementor-section elementor-top-section elementor-element elementor-element-c874792 elementor-hidden-desktop elementor-hidden-tablet elementor-hidden-mobile elementor-section-boxed elementor-section-height-default elementor-section-height-default\" data-id=\"c874792\" data-element_type=\"section\" data-e-type=\"section\">\n\t\t\t\t\t\t<div class=\"elementor-container elementor-column-gap-default\">\n\t\t\t\t\t<div class=\"elementor-column elementor-col-100 elementor-top-column elementor-element elementor-element-3cf6b51\" data-id=\"3cf6b51\" data-element_type=\"column\" data-e-type=\"column\">\n\t\t\t<div class=\"elementor-widget-wrap elementor-element-populated\">\n\t\t\t\t\t\t<div class=\"elementor-element elementor-element-dab3e47 elementor-widget__width-initial elementor-widget elementor-widget-heading\" data-id=\"dab3e47\" data-element_type=\"widget\" data-e-type=\"widget\" data-widget_type=\"heading.default\">\n\t\t\t\t<div class=\"elementor-widget-container\">\n\t\t\t\t\t<h1 class=\"elementor-heading-title elementor-size-default\">Denna webbplats anv\u00e4nder sig av kakor<\/h1>\t\t\t\t<\/div>\n\t\t\t\t<\/div>\n\t\t\t\t<div class=\"elementor-element elementor-element-90dc9f9 elementor-widget__width-initial elementor-widget elementor-widget-html\" data-id=\"90dc9f9\" data-element_type=\"widget\" data-e-type=\"widget\" data-widget_type=\"html.default\">\n\t\t\t\t<div class=\"elementor-widget-container\">\n\t\t\t\t\t<script id=\"CookieDeclaration\" src=\"https:\/\/consent.cookiebot.com\/f2e3ed15-b276-47cd-b035-ff86264a251f\/cd.js\" type=\"text\/javascript\" async><\/script>\t\t\t\t<\/div>\n\t\t\t\t<\/div>\n\t\t\t\t\t<\/div>\n\t\t<\/div>\n\t\t\t\t\t<\/div>\n\t\t<\/section>\n\t\t\t\t<\/div>","protected":false},"excerpt":{"rendered":"<p>Behandling av personuppgifter Information om AB Transitios behandling av personuppgifter AB Transitio, Drottninggatan 92, 111 36 Stockholm, org. nr. 556033-1984 \u00e4r personuppgiftsansvarig f\u00f6r behandlingen av personuppgifter p\u00e5 denna webbplats och f\u00f6r behandling av personuppgifter i v\u00e5r verksamhet i \u00f6vrigt. Som personuppgiftsansvarig ansvarar Transitio f\u00f6r att dina och andras personuppgifter \u00e4r skyddade och behandlas i enlighet [&hellip;]<\/p>\n","protected":false},"author":5,"featured_media":0,"parent":0,"menu_order":0,"comment_status":"closed","ping_status":"closed","template":"","meta":{"footnotes":""},"class_list":["post-176","page","type-page","status-publish","hentry"],"_links":{"self":[{"href":"https:\/\/transitio.se\/en\/wp-json\/wp\/v2\/pages\/176","targetHints":{"allow":["GET"]}}],"collection":[{"href":"https:\/\/transitio.se\/en\/wp-json\/wp\/v2\/pages"}],"about":[{"href":"https:\/\/transitio.se\/en\/wp-json\/wp\/v2\/types\/page"}],"author":[{"embeddable":true,"href":"https:\/\/transitio.se\/en\/wp-json\/wp\/v2\/users\/5"}],"replies":[{"embeddable":true,"href":"https:\/\/transitio.se\/en\/wp-json\/wp\/v2\/comments?post=176"}],"version-history":[{"count":13,"href":"https:\/\/transitio.se\/en\/wp-json\/wp\/v2\/pages\/176\/revisions"}],"predecessor-version":[{"id":3438,"href":"https:\/\/transitio.se\/en\/wp-json\/wp\/v2\/pages\/176\/revisions\/3438"}],"wp:attachment":[{"href":"https:\/\/transitio.se\/en\/wp-json\/wp\/v2\/media?parent=176"}],"curies":[{"name":"wp","href":"https:\/\/api.w.org\/{rel}","templated":true}]}}