{"id":184,"date":"2021-09-30T15:10:34","date_gmt":"2021-09-30T13:10:34","guid":{"rendered":"https:\/\/transitio.se\/?page_id=184"},"modified":"2021-10-19T23:08:23","modified_gmt":"2021-10-19T21:08:23","slug":"tillganglighetsredogorelse","status":"publish","type":"page","link":"https:\/\/transitio.se\/en\/tillganglighetsredogorelse\/","title":{"rendered":"Accessibility report"},"content":{"rendered":"<div data-elementor-type=\"wp-page\" data-elementor-id=\"184\" class=\"elementor elementor-184\" data-elementor-post-type=\"page\">\n\t\t\t\t\t\t<section class=\"elementor-section elementor-top-section elementor-element elementor-element-6196e96f elementor-section-boxed elementor-section-height-default elementor-section-height-default\" data-id=\"6196e96f\" data-element_type=\"section\" data-e-type=\"section\">\n\t\t\t\t\t\t<div class=\"elementor-container elementor-column-gap-default\">\n\t\t\t\t\t<div class=\"elementor-column elementor-col-50 elementor-top-column elementor-element elementor-element-771dd30a\" data-id=\"771dd30a\" data-element_type=\"column\" data-e-type=\"column\">\n\t\t\t<div class=\"elementor-widget-wrap elementor-element-populated\">\n\t\t\t\t\t\t<div class=\"elementor-element elementor-element-4f516782 elementor-widget elementor-widget-heading\" data-id=\"4f516782\" data-element_type=\"widget\" data-e-type=\"widget\" data-widget_type=\"heading.default\">\n\t\t\t\t<div class=\"elementor-widget-container\">\n\t\t\t\t\t<p class=\"elementor-heading-title elementor-size-default\">Accessibility report<\/p>\t\t\t\t<\/div>\n\t\t\t\t<\/div>\n\t\t\t\t<div class=\"elementor-element elementor-element-1ddd486a elementor-widget elementor-widget-heading\" data-id=\"1ddd486a\" data-element_type=\"widget\" data-e-type=\"widget\" data-widget_type=\"heading.default\">\n\t\t\t\t<div class=\"elementor-widget-container\">\n\t\t\t\t\t<h1 class=\"elementor-heading-title elementor-size-default\">Accessibility report www.transitio.se<\/h1>\t\t\t\t<\/div>\n\t\t\t\t<\/div>\n\t\t\t\t\t<\/div>\n\t\t<\/div>\n\t\t\t\t<div class=\"elementor-column elementor-col-50 elementor-top-column elementor-element elementor-element-7cd5f0e0\" data-id=\"7cd5f0e0\" data-element_type=\"column\" data-e-type=\"column\">\n\t\t\t<div class=\"elementor-widget-wrap elementor-element-populated\">\n\t\t\t\t\t\t<div class=\"elementor-element elementor-element-6b92cb90 elementor-widget__width-initial elementor-widget elementor-widget-text-editor\" data-id=\"6b92cb90\" data-element_type=\"widget\" data-e-type=\"widget\" data-widget_type=\"text-editor.default\">\n\t\t\t\t<div class=\"elementor-widget-container\">\n\t\t\t\t\t\t\t\t\t<p>This page describes how Transitio AB meets the requirements of the Act on the Accessibility of Digital Public Services for this website.&nbsp;<\/p>\n<p><strong>How accessible is AB Transitio\u2019s website?<br><\/strong><span style=\"background-color: var( --e-global-color-75e19d8 );\">The website www.transitio.se is updated continuously and is connected to Userway for optimal accessibility.<\/span><\/p>\n<p><strong>What can you do if you cannot use sections of AB Transitio\u2019s website?<\/strong><br>Contact Transitio AB directly by e-mail at info@transitio.se and we will help you.<\/p>\n<p><strong>Reporting deficiencies in AB Transitio\u2019s website accessibility<\/strong><br>Please report any accessibility deficiencies you discover directly to AB Transitio by email: info@transitio.se.<\/p>\n<p><strong>Supervision<\/strong><br>If you are not satisfied with the way we respond to your viewpoints regarding the accessibility of AB Transitio\u2019s website, you can inform the Agency for Digital Government (DIGG). Under the Act on the Accessibility of Digital Public Services, the Agency for Digital Government (DIGG) is responsible for supervision. Contact the Agency for Digital Government<\/p>\n<p><b>Documents<\/b><br><span style=\"background-color: var( --e-global-color-75e19d8 );\">We are working to adapt our documents to make them more accessible and we encourage you to contact us by email if you need help with a specific document: info@transitio.se.&nbsp;<\/span><\/p>\t\t\t\t\t\t\t\t<\/div>\n\t\t\t\t<\/div>\n\t\t\t\t\t<\/div>\n\t\t<\/div>\n\t\t\t\t\t<\/div>\n\t\t<\/section>\n\t\t\t\t<\/div>","protected":false},"excerpt":{"rendered":"<p>Tillg\u00e4nglighetsredog\u00f6relse Tillg\u00e4nglighets-redog\u00f6relse www.transitio.se Den h\u00e4r sidan beskriver hur Transitio uppfyller lagen om tillg\u00e4nglighet till digital offentlig service p\u00e5 den h\u00e4r webbplatsen.&nbsp; Hur tillg\u00e4nglig \u00e4r AB Transitios webbplats?Webbplatsen www.transitio.se uppdateras kontinuerligt och \u00e4r kopplad till Userway f\u00f6r att vara optimalt tillg\u00e4nglig. Vad kan du g\u00f6ra om du inte kan anv\u00e4nda delar av AB Transitios webbplats?Du kan [&hellip;]<\/p>\n","protected":false},"author":5,"featured_media":0,"parent":0,"menu_order":0,"comment_status":"closed","ping_status":"closed","template":"","meta":{"footnotes":""},"class_list":["post-184","page","type-page","status-publish","hentry"],"_links":{"self":[{"href":"https:\/\/transitio.se\/en\/wp-json\/wp\/v2\/pages\/184","targetHints":{"allow":["GET"]}}],"collection":[{"href":"https:\/\/transitio.se\/en\/wp-json\/wp\/v2\/pages"}],"about":[{"href":"https:\/\/transitio.se\/en\/wp-json\/wp\/v2\/types\/page"}],"author":[{"embeddable":true,"href":"https:\/\/transitio.se\/en\/wp-json\/wp\/v2\/users\/5"}],"replies":[{"embeddable":true,"href":"https:\/\/transitio.se\/en\/wp-json\/wp\/v2\/comments?post=184"}],"version-history":[{"count":10,"href":"https:\/\/transitio.se\/en\/wp-json\/wp\/v2\/pages\/184\/revisions"}],"predecessor-version":[{"id":1168,"href":"https:\/\/transitio.se\/en\/wp-json\/wp\/v2\/pages\/184\/revisions\/1168"}],"wp:attachment":[{"href":"https:\/\/transitio.se\/en\/wp-json\/wp\/v2\/media?parent=184"}],"curies":[{"name":"wp","href":"https:\/\/api.w.org\/{rel}","templated":true}]}}