{"id":3463,"date":"2026-01-12T21:12:31","date_gmt":"2026-01-12T20:12:31","guid":{"rendered":"https:\/\/transitio.se\/?page_id=3463"},"modified":"2026-02-17T12:57:30","modified_gmt":"2026-02-17T11:57:30","slug":"vd-och-styrelse","status":"publish","type":"page","link":"https:\/\/transitio.se\/en\/vd-och-styrelse\/","title":{"rendered":"CEO and Board"},"content":{"rendered":"<div data-elementor-type=\"wp-page\" data-elementor-id=\"3463\" class=\"elementor elementor-3463\" data-elementor-post-type=\"page\">\n\t\t\t\t\t\t<section class=\"elementor-section elementor-top-section elementor-element elementor-element-3e1d497a elementor-section-height-min-height main-hero-image elementor-section-items-bottom elementor-section-boxed elementor-section-height-default\" data-id=\"3e1d497a\" data-element_type=\"section\" data-e-type=\"section\" data-settings=\"{&quot;background_background&quot;:&quot;classic&quot;}\">\n\t\t\t\t\t\t\t<div class=\"elementor-background-overlay\"><\/div>\n\t\t\t\t\t\t\t<div class=\"elementor-container elementor-column-gap-default\">\n\t\t\t\t\t<div class=\"elementor-column elementor-col-100 elementor-top-column elementor-element elementor-element-4ef5f85e\" data-id=\"4ef5f85e\" data-element_type=\"column\" data-e-type=\"column\">\n\t\t\t<div class=\"elementor-widget-wrap elementor-element-populated\">\n\t\t\t\t\t\t<div class=\"elementor-element elementor-element-234db18c elementor-widget elementor-widget-heading\" data-id=\"234db18c\" data-element_type=\"widget\" data-e-type=\"widget\" data-widget_type=\"heading.default\">\n\t\t\t\t<div class=\"elementor-widget-container\">\n\t\t\t\t\t<h1 class=\"elementor-heading-title elementor-size-default\">Our organisation<\/h1>\t\t\t\t<\/div>\n\t\t\t\t<\/div>\n\t\t\t\t\t<\/div>\n\t\t<\/div>\n\t\t\t\t\t<\/div>\n\t\t<\/section>\n\t\t\t\t<section class=\"elementor-section elementor-top-section elementor-element elementor-element-7cd9a1cf elementor-section-height-min-height elementor-section-boxed elementor-section-height-default elementor-section-items-middle\" data-id=\"7cd9a1cf\" data-element_type=\"section\" data-e-type=\"section\" data-settings=\"{&quot;background_background&quot;:&quot;classic&quot;}\">\n\t\t\t\t\t\t<div class=\"elementor-container elementor-column-gap-default\">\n\t\t\t\t\t<div class=\"elementor-column elementor-col-100 elementor-top-column elementor-element elementor-element-52ed2441\" data-id=\"52ed2441\" data-element_type=\"column\" data-e-type=\"column\">\n\t\t\t<div class=\"elementor-widget-wrap elementor-element-populated\">\n\t\t\t\t\t\t<div class=\"elementor-element elementor-element-7ac9a5b4 elementor-widget elementor-widget-heading\" data-id=\"7ac9a5b4\" data-element_type=\"widget\" data-e-type=\"widget\" data-widget_type=\"heading.default\">\n\t\t\t\t<div class=\"elementor-widget-container\">\n\t\t\t\t\t<h1 class=\"elementor-heading-title elementor-size-default\">CEO and Board of Directors \u2013 AB Transitio<\/h1>\t\t\t\t<\/div>\n\t\t\t\t<\/div>\n\t\t\t\t<div class=\"elementor-element elementor-element-608a93a1 elementor-widget__width-initial elementor-widget elementor-widget-text-editor\" data-id=\"608a93a1\" data-element_type=\"widget\" data-e-type=\"widget\" data-widget_type=\"text-editor.default\">\n\t\t\t\t<div class=\"elementor-widget-container\">\n\t\t\t\t\t\t\t\t\t<p>AB Transitio is owned by 20 of Sweden\u2019s regions and is governed by a Board of Directors representing its owners, together with a Chief Executive Officer responsible for the company\u2019s operational activities.<\/p><p>The Board has overall responsibility for the\ncompany\u2019s strategic direction and appoints the CEO. The CEO manages the company\u2019s operations in accordance with the Board\u2019s directives and objectives.<\/p><p>If you wish to contact any member of the Board of Directors, please send an email to: <a href=\"mailto:info@transitio.se\"><strong>info@transitio.se<\/strong><\/a> or call our<br \/>main switchboard on: <a href=\"tel:+46850036030\"><strong>+46 (0)8 500 360 30<\/strong><\/a>.<\/p>\t\t\t\t\t\t\t\t<\/div>\n\t\t\t\t<\/div>\n\t\t\t\t<div class=\"elementor-element elementor-element-481e9412 elementor-widget elementor-widget-heading\" data-id=\"481e9412\" data-element_type=\"widget\" data-e-type=\"widget\" data-widget_type=\"heading.default\">\n\t\t\t\t<div class=\"elementor-widget-container\">\n\t\t\t\t\t<h1 class=\"elementor-heading-title elementor-size-default\">Board of Directors<\/h1>\t\t\t\t<\/div>\n\t\t\t\t<\/div>\n\t\t\t\t<div class=\"elementor-element elementor-element-74f7703 elementor-widget__width-initial elementor-widget elementor-widget-text-editor\" data-id=\"74f7703\" data-element_type=\"widget\" data-e-type=\"widget\" data-widget_type=\"text-editor.default\">\n\t\t\t\t<div class=\"elementor-widget-container\">\n\t\t\t\t\t\t\t\t\t<p>Nils-Eric Gustavsson \u2013 Chair<\/p><p>Fredrik Persson \u2013 Board Member, Chief Financial Officer, Region Stockholm<\/p><p>Sara Catoni \u2013 Board Member, Chief Legal Officer, Swedish Association of Local Authorities and Regions<\/p><p>Christer Holmgren \u2013 Board Member, Former Traffic Director, Kalmar County Public Transport<\/p><p>Helena Ekroth \u2013 Board Member, Managing Director, M\u00e4lardalstrafik AB<\/p><p>Joakim Berg \u2013 Board Member, Managing Director, Norrt\u00e5g AB<\/p><p>Charlotte W\u00e4reborn-Schultz - Board Member, Senior Adviser<\/p><p>Roger Vahnberg \u2013 Board Member, Deputy Managing Director, V\u00e4sttrafik<\/p><p>Maja Rapp \u2013 Board Member, Managing Director, T\u00e5g i Bergslagen AB<\/p>\t\t\t\t\t\t\t\t<\/div>\n\t\t\t\t<\/div>\n\t\t\t\t<div class=\"elementor-element elementor-element-1afd8cf elementor-widget elementor-widget-heading\" data-id=\"1afd8cf\" data-element_type=\"widget\" data-e-type=\"widget\" data-widget_type=\"heading.default\">\n\t\t\t\t<div class=\"elementor-widget-container\">\n\t\t\t\t\t<h1 class=\"elementor-heading-title elementor-size-default\">Chief Executive Officer<\/h1>\t\t\t\t<\/div>\n\t\t\t\t<\/div>\n\t\t\t\t<div class=\"elementor-element elementor-element-9e8f4a6 elementor-widget__width-initial elementor-widget elementor-widget-text-editor\" data-id=\"9e8f4a6\" data-element_type=\"widget\" data-e-type=\"widget\" data-widget_type=\"text-editor.default\">\n\t\t\t\t<div class=\"elementor-widget-container\">\n\t\t\t\t\t\t\t\t\t<p>Magnus von Bahr \u2013 Chief Executive Officer<\/p>\t\t\t\t\t\t\t\t<\/div>\n\t\t\t\t<\/div>\n\t\t\t\t\t<\/div>\n\t\t<\/div>\n\t\t\t\t\t<\/div>\n\t\t<\/section>\n\t\t\t\t<\/div>","protected":false},"excerpt":{"rendered":"<p>V\u00e5r organisation VD och styrelse &#8211; AB Transitio AB Transitio \u00e4gs av 20 av Sveriges regioner och leds av en styrelse som representerar v\u00e5ra \u00e4gare, tillsammans med en verkst\u00e4llande direkt\u00f6r som ansvarar f\u00f6r den operativa verksamheten. Styrelsen har det \u00f6vergripande ansvaret f\u00f6r bolagets strategiska inriktning och tills\u00e4tter VD. VD leder arbetet i bolaget enligt styrelsens [&hellip;]<\/p>\n","protected":false},"author":5,"featured_media":0,"parent":0,"menu_order":0,"comment_status":"closed","ping_status":"closed","template":"","meta":{"footnotes":""},"class_list":["post-3463","page","type-page","status-publish","hentry"],"_links":{"self":[{"href":"https:\/\/transitio.se\/en\/wp-json\/wp\/v2\/pages\/3463","targetHints":{"allow":["GET"]}}],"collection":[{"href":"https:\/\/transitio.se\/en\/wp-json\/wp\/v2\/pages"}],"about":[{"href":"https:\/\/transitio.se\/en\/wp-json\/wp\/v2\/types\/page"}],"author":[{"embeddable":true,"href":"https:\/\/transitio.se\/en\/wp-json\/wp\/v2\/users\/5"}],"replies":[{"embeddable":true,"href":"https:\/\/transitio.se\/en\/wp-json\/wp\/v2\/comments?post=3463"}],"version-history":[{"count":20,"href":"https:\/\/transitio.se\/en\/wp-json\/wp\/v2\/pages\/3463\/revisions"}],"predecessor-version":[{"id":3532,"href":"https:\/\/transitio.se\/en\/wp-json\/wp\/v2\/pages\/3463\/revisions\/3532"}],"wp:attachment":[{"href":"https:\/\/transitio.se\/en\/wp-json\/wp\/v2\/media?parent=3463"}],"curies":[{"name":"wp","href":"https:\/\/api.w.org\/{rel}","templated":true}]}}