{"id":465,"date":"2021-10-06T12:25:38","date_gmt":"2021-10-06T10:25:38","guid":{"rendered":"https:\/\/transitio.se\/?page_id=465"},"modified":"2025-04-27T22:02:42","modified_gmt":"2025-04-27T20:02:42","slug":"pagaende-upphandlingar","status":"publish","type":"page","link":"https:\/\/transitio.se\/en\/pagaende-upphandlingar\/","title":{"rendered":"Current procurements"},"content":{"rendered":"<div data-elementor-type=\"wp-page\" data-elementor-id=\"465\" class=\"elementor elementor-465\" data-elementor-post-type=\"page\">\n\t\t\t\t\t\t<section class=\"elementor-section elementor-top-section elementor-element elementor-element-6c3943e1 elementor-section-height-min-height main-hero-image elementor-section-boxed elementor-section-height-default elementor-section-items-middle\" data-id=\"6c3943e1\" data-element_type=\"section\" data-e-type=\"section\" data-settings=\"{&quot;background_background&quot;:&quot;classic&quot;}\">\n\t\t\t\t\t\t\t<div class=\"elementor-background-overlay\"><\/div>\n\t\t\t\t\t\t\t<div class=\"elementor-container elementor-column-gap-default\">\n\t\t\t\t\t<div class=\"elementor-column elementor-col-100 elementor-top-column elementor-element elementor-element-2dfbddc1\" data-id=\"2dfbddc1\" data-element_type=\"column\" data-e-type=\"column\">\n\t\t\t<div class=\"elementor-widget-wrap elementor-element-populated\">\n\t\t\t\t\t\t<div class=\"elementor-element elementor-element-319f7d8f elementor-widget elementor-widget-heading\" data-id=\"319f7d8f\" data-element_type=\"widget\" data-e-type=\"widget\" data-widget_type=\"heading.default\">\n\t\t\t\t<div class=\"elementor-widget-container\">\n\t\t\t\t\t<h1 class=\"elementor-heading-title elementor-size-default\">Current procurements<\/h1>\t\t\t\t<\/div>\n\t\t\t\t<\/div>\n\t\t\t\t<div class=\"elementor-element elementor-element-497346db elementor-widget__width-initial elementor-widget elementor-widget-text-editor\" data-id=\"497346db\" data-element_type=\"widget\" data-e-type=\"widget\" data-widget_type=\"text-editor.default\">\n\t\t\t\t<div class=\"elementor-widget-container\">\n\t\t\t\t\t\t\t\t\t<p>AB Transitio uses Opic to advertise procurements.<\/p>\t\t\t\t\t\t\t\t<\/div>\n\t\t\t\t<\/div>\n\t\t\t\t<div class=\"elementor-element elementor-element-4dbaf1bb elementor-widget elementor-widget-button\" data-id=\"4dbaf1bb\" data-element_type=\"widget\" data-e-type=\"widget\" data-widget_type=\"button.default\">\n\t\t\t\t<div class=\"elementor-widget-container\">\n\t\t\t\t\t\t\t\t\t<div class=\"elementor-button-wrapper\">\n\t\t\t\t\t<a class=\"elementor-button elementor-button-link elementor-size-lg elementor-animation-grow\" href=\"https:\/\/www.opic.com\/org\/ab_transitio\/\" target=\"_blank\">\n\t\t\t\t\t\t<span class=\"elementor-button-content-wrapper\">\n\t\t\t\t\t\t\t\t\t<span class=\"elementor-button-text\">Our procurements at Opic<\/span>\n\t\t\t\t\t<\/span>\n\t\t\t\t\t<\/a>\n\t\t\t\t<\/div>\n\t\t\t\t\t\t\t\t<\/div>\n\t\t\t\t<\/div>\n\t\t\t\t<div class=\"elementor-element elementor-element-adc2a6a elementor-widget__width-initial elementor-widget elementor-widget-text-editor\" data-id=\"adc2a6a\" data-element_type=\"widget\" data-e-type=\"widget\" data-widget_type=\"text-editor.default\">\n\t\t\t\t<div class=\"elementor-widget-container\">\n\t\t\t\t\t\t\t\t\t<p>We use Ework as a consulting broker where our requested consulting assignments are published.<\/p>\t\t\t\t\t\t\t\t<\/div>\n\t\t\t\t<\/div>\n\t\t\t\t<div class=\"elementor-element elementor-element-46adbaf elementor-widget elementor-widget-button\" data-id=\"46adbaf\" data-element_type=\"widget\" data-e-type=\"widget\" data-widget_type=\"button.default\">\n\t\t\t\t<div class=\"elementor-widget-container\">\n\t\t\t\t\t\t\t\t\t<div class=\"elementor-button-wrapper\">\n\t\t\t\t\t<a class=\"elementor-button elementor-button-link elementor-size-lg elementor-animation-grow\" href=\"https:\/\/app.verama.com\/sv\/company\/transitio\/?tab=details\" target=\"_blank\">\n\t\t\t\t\t\t<span class=\"elementor-button-content-wrapper\">\n\t\t\t\t\t\t\t\t\t<span class=\"elementor-button-text\">Our procurements for consulting services at Ework<\/span>\n\t\t\t\t\t<\/span>\n\t\t\t\t\t<\/a>\n\t\t\t\t<\/div>\n\t\t\t\t\t\t\t\t<\/div>\n\t\t\t\t<\/div>\n\t\t\t\t\t<\/div>\n\t\t<\/div>\n\t\t\t\t\t<\/div>\n\t\t<\/section>\n\t\t\t\t<\/div>","protected":false},"excerpt":{"rendered":"<p>P\u00e5g\u00e5ende upphandlingar AB Transitio anv\u00e4nder Opic f\u00f6r att annonsera ut upphandlingar. V\u00e5ra upphandlingar hos Opic Vi anv\u00e4nder Ework som konsultf\u00f6rmedlare d\u00e4r v\u00e5ra efterfr\u00e5gade konsultuppdrag publiceras. V\u00e5ra upphandlingar f\u00f6r konsulttj\u00e4nster hos Ework<\/p>","protected":false},"author":5,"featured_media":0,"parent":0,"menu_order":0,"comment_status":"closed","ping_status":"closed","template":"","meta":{"footnotes":""},"class_list":["post-465","page","type-page","status-publish","hentry"],"_links":{"self":[{"href":"https:\/\/transitio.se\/en\/wp-json\/wp\/v2\/pages\/465","targetHints":{"allow":["GET"]}}],"collection":[{"href":"https:\/\/transitio.se\/en\/wp-json\/wp\/v2\/pages"}],"about":[{"href":"https:\/\/transitio.se\/en\/wp-json\/wp\/v2\/types\/page"}],"author":[{"embeddable":true,"href":"https:\/\/transitio.se\/en\/wp-json\/wp\/v2\/users\/5"}],"replies":[{"embeddable":true,"href":"https:\/\/transitio.se\/en\/wp-json\/wp\/v2\/comments?post=465"}],"version-history":[{"count":43,"href":"https:\/\/transitio.se\/en\/wp-json\/wp\/v2\/pages\/465\/revisions"}],"predecessor-version":[{"id":3225,"href":"https:\/\/transitio.se\/en\/wp-json\/wp\/v2\/pages\/465\/revisions\/3225"}],"wp:attachment":[{"href":"https:\/\/transitio.se\/en\/wp-json\/wp\/v2\/media?parent=465"}],"curies":[{"name":"wp","href":"https:\/\/api.w.org\/{rel}","templated":true}]}}